{"id":629,"date":"2023-05-26T00:59:58","date_gmt":"2023-05-26T03:59:58","guid":{"rendered":"https:\/\/fixa.tech\/triexgimenesgarage\/?post_type=product&#038;p=629"},"modified":"2023-10-06T03:30:55","modified_gmt":"2023-10-06T06:30:55","slug":"capa-para-moto-honda-biz","status":"publish","type":"product","link":"https:\/\/fixa.tech\/triexgimenesgarage\/produto\/capa-para-moto-honda-biz\/","title":{"rendered":"Capa para MOTO HONDA BIZ"},"content":{"rendered":"<p>Capa Gimenes Garage para Motos<\/p>\n<div style=\"width: 640px;\" class=\"wp-video\"><!--[if lt IE 9]><script>document.createElement('video');<\/script><![endif]-->\n<video class=\"wp-video-shortcode\" id=\"video-629-1\" width=\"640\" height=\"352\" preload=\"metadata\" controls=\"controls\"><source type=\"video\/mp4\" src=\"https:\/\/gimenesgarage.com.br\/wp-content\/uploads\/2021\/08\/Apresentacao-Capa_Moto.mp4?_=1\" \/><a href=\"https:\/\/gimenesgarage.com.br\/wp-content\/uploads\/2021\/08\/Apresentacao-Capa_Moto.mp4\">https:\/\/gimenesgarage.com.br\/wp-content\/uploads\/2021\/08\/Apresentacao-Capa_Moto.mp4<\/a><\/video><\/div>\n","protected":false},"excerpt":{"rendered":"<p>Capa para <strong>MOTOS HONDA BIZ<\/strong><\/p>\n<p>Dimens\u00f5es: 2.0 m de comprimento\u00a0 x\u00a0 1,4 m de altura\u00a0 x\u00a0 0,7 m de largura<\/p>\n<p><strong>OBSERVA\u00c7\u00c3O<\/strong>: Caso sua HONDA BIZ tiver alguma acess\u00f3rio que altere as dimens\u00f5es originais, por favor, informe pelos canais de informa\u00e7\u00f5es antes de efetuar sua compra.<\/p>\n","protected":false},"featured_media":712,"comment_status":"open","ping_status":"closed","template":"","meta":[],"product_cat":[21],"product_tag":[],"acf":[],"_links":{"self":[{"href":"https:\/\/fixa.tech\/triexgimenesgarage\/wp-json\/wp\/v2\/product\/629"}],"collection":[{"href":"https:\/\/fixa.tech\/triexgimenesgarage\/wp-json\/wp\/v2\/product"}],"about":[{"href":"https:\/\/fixa.tech\/triexgimenesgarage\/wp-json\/wp\/v2\/types\/product"}],"replies":[{"embeddable":true,"href":"https:\/\/fixa.tech\/triexgimenesgarage\/wp-json\/wp\/v2\/comments?post=629"}],"wp:featuredmedia":[{"embeddable":true,"href":"https:\/\/fixa.tech\/triexgimenesgarage\/wp-json\/wp\/v2\/media\/712"}],"wp:attachment":[{"href":"https:\/\/fixa.tech\/triexgimenesgarage\/wp-json\/wp\/v2\/media?parent=629"}],"wp:term":[{"taxonomy":"product_cat","embeddable":true,"href":"https:\/\/fixa.tech\/triexgimenesgarage\/wp-json\/wp\/v2\/product_cat?post=629"},{"taxonomy":"product_tag","embeddable":true,"href":"https:\/\/fixa.tech\/triexgimenesgarage\/wp-json\/wp\/v2\/product_tag?post=629"}],"curies":[{"name":"wp","href":"https:\/\/api.w.org\/{rel}","templated":true}]}}