{"id":251,"date":"2023-05-26T00:51:10","date_gmt":"2023-05-26T03:51:10","guid":{"rendered":"https:\/\/fixa.tech\/triexgimenesgarage\/?post_type=product&#038;p=251"},"modified":"2023-05-26T00:53:36","modified_gmt":"2023-05-26T03:53:36","slug":"capa-para-moto-scooter","status":"publish","type":"product","link":"https:\/\/fixa.tech\/triexgimenesgarage\/produto\/capa-para-moto-scooter\/","title":{"rendered":"Capa para MOTO SCOOTER"},"content":{"rendered":"<p>Capa Gimenes Garage para Motos<\/p>\n<div style=\"width: 640px;\" class=\"wp-video\"><!--[if lt IE 9]><script>document.createElement('video');<\/script><![endif]-->\n<video class=\"wp-video-shortcode\" id=\"video-251-1\" width=\"640\" height=\"352\" preload=\"metadata\" controls=\"controls\"><source type=\"video\/mp4\" src=\"https:\/\/gimenesgarage.com.br\/wp-content\/uploads\/2021\/08\/Apresentacao-Capa_Moto.mp4?_=1\" \/><a href=\"https:\/\/gimenesgarage.com.br\/wp-content\/uploads\/2021\/08\/Apresentacao-Capa_Moto.mp4\">https:\/\/gimenesgarage.com.br\/wp-content\/uploads\/2021\/08\/Apresentacao-Capa_Moto.mp4<\/a><\/video><\/div>\n","protected":false},"excerpt":{"rendered":"<p>Capa para <strong>MOTOS SCOOTER<\/strong><\/p>\n<p>Dimens\u00f5es: 2.3 m de comprimento\u00a0 x\u00a0 1,4 m de altura\u00a0 x\u00a0 1,0 m de largura<\/p>\n<p><strong>OBSERVA\u00c7\u00c3O<\/strong>: Caso sua SCOOTER tiver alguma acess\u00f3rio que altere as dimens\u00f5es originais, por favor, informe pelos canais de informa\u00e7\u00f5es antes de efetuar sua compra.<\/p>\n","protected":false},"featured_media":383,"comment_status":"open","ping_status":"closed","template":"","meta":[],"product_cat":[21],"product_tag":[],"acf":[],"_links":{"self":[{"href":"https:\/\/fixa.tech\/triexgimenesgarage\/wp-json\/wp\/v2\/product\/251"}],"collection":[{"href":"https:\/\/fixa.tech\/triexgimenesgarage\/wp-json\/wp\/v2\/product"}],"about":[{"href":"https:\/\/fixa.tech\/triexgimenesgarage\/wp-json\/wp\/v2\/types\/product"}],"replies":[{"embeddable":true,"href":"https:\/\/fixa.tech\/triexgimenesgarage\/wp-json\/wp\/v2\/comments?post=251"}],"wp:featuredmedia":[{"embeddable":true,"href":"https:\/\/fixa.tech\/triexgimenesgarage\/wp-json\/wp\/v2\/media\/383"}],"wp:attachment":[{"href":"https:\/\/fixa.tech\/triexgimenesgarage\/wp-json\/wp\/v2\/media?parent=251"}],"wp:term":[{"taxonomy":"product_cat","embeddable":true,"href":"https:\/\/fixa.tech\/triexgimenesgarage\/wp-json\/wp\/v2\/product_cat?post=251"},{"taxonomy":"product_tag","embeddable":true,"href":"https:\/\/fixa.tech\/triexgimenesgarage\/wp-json\/wp\/v2\/product_tag?post=251"}],"curies":[{"name":"wp","href":"https:\/\/api.w.org\/{rel}","templated":true}]}}