{"id":131,"date":"2022-10-14T06:56:23","date_gmt":"2022-10-14T06:56:23","guid":{"rendered":"https:\/\/fixa.tech\/nomagicagencycolinasdodouro\/?post_type=product&#038;p=131"},"modified":"2022-11-15T11:37:40","modified_gmt":"2022-11-15T11:37:40","slug":"pack-terroir-quinta-da-extrema-reserva-2-garrafas","status":"publish","type":"product","link":"https:\/\/fixa.tech\/nomagicagencycolinasdodouro\/produto\/pack-terroir-quinta-da-extrema-reserva-2-garrafas\/","title":{"rendered":"Pack \u201cTerroir\u201d Quinta da Extrema Reserva &#8211; 2 garrafas"},"content":{"rendered":"<p>Vinhos que traduzem o terroir com extrema simplicidade e sofistica\u00e7\u00e3o.<\/p>\n<p>Quinta da Extrema Reserva Branco, um branco genu\u00edno centrado na matriz geol\u00f3gica do solo de transi\u00e7\u00e3o e Quinta da Extrema Reserva Tinto, um Douro cl\u00e1ssico de 2017, acondicionados num estojo em material ecol\u00f3gico, para presentar amigos e familiares.<\/p>\n<p>&nbsp;<\/p>\n<p class=\"shipping-label\"><!-- [et_pb_line_break_holder] --> Portes de Envio: <strong>Envio gr\u00e1tis para compras acima de 47,99 \u20ac<\/strong><br \/>\n<!-- [et_pb_line_break_holder] --> Entregas em 48 a 72h uteis, salvo ruptura de stock<!-- [et_pb_line_break_holder] --><\/p>\n","protected":false},"excerpt":{"rendered":"<p>Vinhos que traduzem o terroir com extrema simplicidade e sofistica\u00e7\u00e3o. Quinta da Extrema Reserva Branco, um branco genu\u00edno centrado na matriz geol\u00f3gica do solo de transi\u00e7\u00e3o e Quinta da Extrema Reserva Tinto, um Douro cl\u00e1ssico de 2017, acondicionados num estojo em material ecol\u00f3gico, para presentar amigos e familiares. &nbsp; Portes de Envio: Envio gr\u00e1tis para [&hellip;]<\/p>\n","protected":false},"featured_media":146,"comment_status":"open","ping_status":"closed","template":"","meta":[],"product_cat":[23],"product_tag":[],"acf":[],"_links":{"self":[{"href":"https:\/\/fixa.tech\/nomagicagencycolinasdodouro\/wp-json\/wp\/v2\/product\/131"}],"collection":[{"href":"https:\/\/fixa.tech\/nomagicagencycolinasdodouro\/wp-json\/wp\/v2\/product"}],"about":[{"href":"https:\/\/fixa.tech\/nomagicagencycolinasdodouro\/wp-json\/wp\/v2\/types\/product"}],"replies":[{"embeddable":true,"href":"https:\/\/fixa.tech\/nomagicagencycolinasdodouro\/wp-json\/wp\/v2\/comments?post=131"}],"wp:featuredmedia":[{"embeddable":true,"href":"https:\/\/fixa.tech\/nomagicagencycolinasdodouro\/wp-json\/wp\/v2\/media\/146"}],"wp:attachment":[{"href":"https:\/\/fixa.tech\/nomagicagencycolinasdodouro\/wp-json\/wp\/v2\/media?parent=131"}],"wp:term":[{"taxonomy":"product_cat","embeddable":true,"href":"https:\/\/fixa.tech\/nomagicagencycolinasdodouro\/wp-json\/wp\/v2\/product_cat?post=131"},{"taxonomy":"product_tag","embeddable":true,"href":"https:\/\/fixa.tech\/nomagicagencycolinasdodouro\/wp-json\/wp\/v2\/product_tag?post=131"}],"curies":[{"name":"wp","href":"https:\/\/api.w.org\/{rel}","templated":true}]}}