{"id":127,"date":"2022-10-14T06:56:23","date_gmt":"2022-10-14T06:56:23","guid":{"rendered":"https:\/\/fixa.tech\/nomagicagencycolinasdodouro\/?post_type=product&#038;p=127"},"modified":"2022-11-15T12:17:19","modified_gmt":"2022-11-15T12:17:19","slug":"quinta-da-extrema-edicao-ii-tinto-2016","status":"publish","type":"product","link":"https:\/\/fixa.tech\/nomagicagencycolinasdodouro\/produto\/quinta-da-extrema-edicao-ii-tinto-2016\/","title":{"rendered":"Quinta da Extrema Edi\u00e7\u00e3o II Tinto 2016"},"content":{"rendered":"<p>Proveniente de pequenas parcelas de vinha em anos excepcionais. Permanece pelo menos 24 meses em est\u00e1gio, ap\u00f3s o qual apenas as melhores barricas s\u00e3o escolhidas para o lote.<\/p>\n<h3>Castas<\/h3>\n<p>Touriga Nacional e Touriga Franca<\/p>\n<h3>Est\u00e1gio<\/h3>\n<p>Est\u00e1gio m\u00ednimo de 1 ano em garrafa. Barricas de Carvalho Franc\u00eas 500L e 225L. Produ\u00e7\u00e3o limitada.<\/p>\n<p>&nbsp;<\/p>\n<p class=\"shipping-label\"><!-- [et_pb_line_break_holder] --> Portes de Envio: <strong>Envio gr\u00e1tis para compras acima de 47,99 \u20ac<\/strong><br \/>\n<!-- [et_pb_line_break_holder] --> Entregas em 48 a 72h uteis, salvo ruptura de stock <!-- [et_pb_line_break_holder] --><\/p>\n<p>&nbsp;<\/p>\n","protected":false},"excerpt":{"rendered":"<p>Proveniente de pequenas parcelas de vinha em anos excepcionais. Permanece pelo menos 24 meses em est\u00e1gio, ap\u00f3s o qual apenas as melhores barricas s\u00e3o escolhidas para o lote. Castas Touriga Nacional e Touriga Franca Est\u00e1gio Est\u00e1gio m\u00ednimo de 1 ano em garrafa. Barricas de Carvalho Franc\u00eas 500L e 225L. Produ\u00e7\u00e3o limitada. &nbsp; Portes de Envio: [&hellip;]<\/p>\n","protected":false},"featured_media":141,"comment_status":"open","ping_status":"closed","template":"","meta":[],"product_cat":[21],"product_tag":[],"acf":[],"_links":{"self":[{"href":"https:\/\/fixa.tech\/nomagicagencycolinasdodouro\/wp-json\/wp\/v2\/product\/127"}],"collection":[{"href":"https:\/\/fixa.tech\/nomagicagencycolinasdodouro\/wp-json\/wp\/v2\/product"}],"about":[{"href":"https:\/\/fixa.tech\/nomagicagencycolinasdodouro\/wp-json\/wp\/v2\/types\/product"}],"replies":[{"embeddable":true,"href":"https:\/\/fixa.tech\/nomagicagencycolinasdodouro\/wp-json\/wp\/v2\/comments?post=127"}],"wp:featuredmedia":[{"embeddable":true,"href":"https:\/\/fixa.tech\/nomagicagencycolinasdodouro\/wp-json\/wp\/v2\/media\/141"}],"wp:attachment":[{"href":"https:\/\/fixa.tech\/nomagicagencycolinasdodouro\/wp-json\/wp\/v2\/media?parent=127"}],"wp:term":[{"taxonomy":"product_cat","embeddable":true,"href":"https:\/\/fixa.tech\/nomagicagencycolinasdodouro\/wp-json\/wp\/v2\/product_cat?post=127"},{"taxonomy":"product_tag","embeddable":true,"href":"https:\/\/fixa.tech\/nomagicagencycolinasdodouro\/wp-json\/wp\/v2\/product_tag?post=127"}],"curies":[{"name":"wp","href":"https:\/\/api.w.org\/{rel}","templated":true}]}}