{"id":125,"date":"2022-10-14T06:56:23","date_gmt":"2022-10-14T06:56:23","guid":{"rendered":"https:\/\/fixa.tech\/nomagicagencycolinasdodouro\/?post_type=product&#038;p=125"},"modified":"2022-11-15T12:21:29","modified_gmt":"2022-11-15T12:21:29","slug":"quinta-da-extrema-edicao-i-branco-2016","status":"publish","type":"product","link":"https:\/\/fixa.tech\/nomagicagencycolinasdodouro\/produto\/quinta-da-extrema-edicao-i-branco-2016\/","title":{"rendered":"Quinta da Extrema Edi\u00e7\u00e3o I Branco 2016"},"content":{"rendered":"<p>Um branco sublime e desconcertante, que combina o Encruzado e o Rabigato plantados a cotas altas, num solo h\u00edbrido de granito e xisto. Um vinho constru\u00eddo para potenciar evolu\u00e7\u00e3o em garrafa durante v\u00e1rios anos,<\/p>\n<h3>Castas<\/h3>\n<p>Encruzado e o Rabigato<\/p>\n<h3>Est\u00e1gio<\/h3>\n<p>Est\u00e1gio m\u00ednimo de 6 meses em garrafa. Barricas de Carvalho Franc\u00eas 500L e 228L. Produ\u00e7\u00e3o limitada.<\/p>\n<p>&nbsp;<\/p>\n<p class=\"shipping-label\"><!-- [et_pb_line_break_holder] --> Portes de Envio: <strong>Envio gr\u00e1tis para compras acima de 47,99 \u20ac<\/strong><br \/>\n<!-- [et_pb_line_break_holder] --> Entregas em 48 a 72h uteis, salvo ruptura de stock<!-- [et_pb_line_break_holder] --><\/p>\n","protected":false},"excerpt":{"rendered":"<p>Um branco sublime e desconcertante, que combina o Encruzado e o Rabigato plantados a cotas altas, num solo h\u00edbrido de granito e xisto. Um vinho constru\u00eddo para potenciar evolu\u00e7\u00e3o em garrafa durante v\u00e1rios anos, Castas Encruzado e o Rabigato Est\u00e1gio Est\u00e1gio m\u00ednimo de 6 meses em garrafa. Barricas de Carvalho Franc\u00eas 500L e 228L. Produ\u00e7\u00e3o [&hellip;]<\/p>\n","protected":false},"featured_media":140,"comment_status":"open","ping_status":"closed","template":"","meta":[],"product_cat":[21],"product_tag":[],"acf":[],"_links":{"self":[{"href":"https:\/\/fixa.tech\/nomagicagencycolinasdodouro\/wp-json\/wp\/v2\/product\/125"}],"collection":[{"href":"https:\/\/fixa.tech\/nomagicagencycolinasdodouro\/wp-json\/wp\/v2\/product"}],"about":[{"href":"https:\/\/fixa.tech\/nomagicagencycolinasdodouro\/wp-json\/wp\/v2\/types\/product"}],"replies":[{"embeddable":true,"href":"https:\/\/fixa.tech\/nomagicagencycolinasdodouro\/wp-json\/wp\/v2\/comments?post=125"}],"wp:featuredmedia":[{"embeddable":true,"href":"https:\/\/fixa.tech\/nomagicagencycolinasdodouro\/wp-json\/wp\/v2\/media\/140"}],"wp:attachment":[{"href":"https:\/\/fixa.tech\/nomagicagencycolinasdodouro\/wp-json\/wp\/v2\/media?parent=125"}],"wp:term":[{"taxonomy":"product_cat","embeddable":true,"href":"https:\/\/fixa.tech\/nomagicagencycolinasdodouro\/wp-json\/wp\/v2\/product_cat?post=125"},{"taxonomy":"product_tag","embeddable":true,"href":"https:\/\/fixa.tech\/nomagicagencycolinasdodouro\/wp-json\/wp\/v2\/product_tag?post=125"}],"curies":[{"name":"wp","href":"https:\/\/api.w.org\/{rel}","templated":true}]}}