{"id":124,"date":"2022-10-14T06:56:23","date_gmt":"2022-10-14T06:56:23","guid":{"rendered":"https:\/\/fixa.tech\/nomagicagencycolinasdodouro\/?post_type=product&#038;p=124"},"modified":"2022-11-15T12:23:01","modified_gmt":"2022-11-15T12:23:01","slug":"colinas-do-douro-colheita-tardia-2016","status":"publish","type":"product","link":"https:\/\/fixa.tech\/nomagicagencycolinasdodouro\/produto\/colinas-do-douro-colheita-tardia-2016\/","title":{"rendered":"Colinas do Douro Colheita Tardia 2016"},"content":{"rendered":"<p>Feito apenas em anos que permitem o desenvolvimento de podrid\u00e3o nobre, as uvas prov\u00eaem de uma vinha virada a Norte, com menor exposi\u00e7\u00e3o solar e mais humidade. A vindima ocorre em finais de Novembro, quando a uva acumula grande quantidade de a\u00e7ucar. Fermenta e estagia 2 anos em barricas usadas de 225L. A complexidade e equil\u00edbrio entre a do\u00e7ura e acidez, s\u00e3o os grandes atributos deste vinho.<\/p>\n<h3>Est\u00e1gio<\/h3>\n<p>Fermenta e estagia 2 anos em barricas usadas de 225L.<\/p>\n<p>&nbsp;<\/p>\n<p class=\"shipping-label\"><!-- [et_pb_line_break_holder] --> Portes de Envio: <strong>Envio gr\u00e1tis para compras acima de 47,99 \u20ac<\/strong><br \/>\n<!-- [et_pb_line_break_holder] --> Entregas em 48 a 72h uteis, salvo ruptura de stock<!-- [et_pb_line_break_holder] --><\/p>\n","protected":false},"excerpt":{"rendered":"<p>Feito apenas em anos que permitem o desenvolvimento de podrid\u00e3o nobre, as uvas prov\u00eaem de uma vinha virada a Norte, com menor exposi\u00e7\u00e3o solar e mais humidade. A vindima ocorre em finais de Novembro, quando a uva acumula grande quantidade de a\u00e7ucar. Fermenta e estagia 2 anos em barricas usadas de 225L. A complexidade e [&hellip;]<\/p>\n","protected":false},"featured_media":139,"comment_status":"open","ping_status":"closed","template":"","meta":[],"product_cat":[18],"product_tag":[],"acf":[],"_links":{"self":[{"href":"https:\/\/fixa.tech\/nomagicagencycolinasdodouro\/wp-json\/wp\/v2\/product\/124"}],"collection":[{"href":"https:\/\/fixa.tech\/nomagicagencycolinasdodouro\/wp-json\/wp\/v2\/product"}],"about":[{"href":"https:\/\/fixa.tech\/nomagicagencycolinasdodouro\/wp-json\/wp\/v2\/types\/product"}],"replies":[{"embeddable":true,"href":"https:\/\/fixa.tech\/nomagicagencycolinasdodouro\/wp-json\/wp\/v2\/comments?post=124"}],"wp:featuredmedia":[{"embeddable":true,"href":"https:\/\/fixa.tech\/nomagicagencycolinasdodouro\/wp-json\/wp\/v2\/media\/139"}],"wp:attachment":[{"href":"https:\/\/fixa.tech\/nomagicagencycolinasdodouro\/wp-json\/wp\/v2\/media?parent=124"}],"wp:term":[{"taxonomy":"product_cat","embeddable":true,"href":"https:\/\/fixa.tech\/nomagicagencycolinasdodouro\/wp-json\/wp\/v2\/product_cat?post=124"},{"taxonomy":"product_tag","embeddable":true,"href":"https:\/\/fixa.tech\/nomagicagencycolinasdodouro\/wp-json\/wp\/v2\/product_tag?post=124"}],"curies":[{"name":"wp","href":"https:\/\/api.w.org\/{rel}","templated":true}]}}