{"id":122,"date":"2022-10-14T06:56:23","date_gmt":"2022-10-14T06:56:23","guid":{"rendered":"https:\/\/fixa.tech\/nomagicagencycolinasdodouro\/?post_type=product&#038;p=122"},"modified":"2022-11-15T12:40:38","modified_gmt":"2022-11-15T12:40:38","slug":"colinas-do-douro-reserva-branco-2019","status":"publish","type":"product","link":"https:\/\/fixa.tech\/nomagicagencycolinasdodouro\/produto\/colinas-do-douro-reserva-branco-2019\/","title":{"rendered":"Colinas do Douro Reserva Branco 2021"},"content":{"rendered":"<p>Rabigato e Viosinho em encostas viradas a Nascente, \u00e9 um vinho de perfil mineral e vibrante, resultado dos solos gran\u00edticos e da altitude. Fermenta e estagia em barricas velhas e neutras. Vinho com intensidade e amplitude, resultado da b\u00e2tonnage aplicada durante 6 meses.<\/p>\n<h3>Castas<\/h3>\n<p>Gouveio, Viosinho e Moscatel Gal\u00eago.<\/p>\n<h3>Est\u00e1gio<\/h3>\n<p>Est\u00e1gio<br \/>\nem barricas de Carvalho Franc\u00eas 500 L durante 6 meses com bat\u00f4nnage.<\/p>\n<p>&nbsp;<\/p>\n<p>Portes de Envio:\u00a0<strong>Envio gr\u00e1tis para compras acima de 47,99 \u20ac<\/strong><br \/>\nEntregas em 48 a 72h uteis, salvo ruptura de stock<\/p>\n","protected":false},"excerpt":{"rendered":"<p>Rabigato e Viosinho em encostas viradas a Nascente, \u00e9 um vinho de perfil mineral e vibrante, resultado dos solos gran\u00edticos e da altitude. Fermenta e estagia em barricas velhas e neutras. Vinho com intensidade e amplitude, resultado da b\u00e2tonnage aplicada durante 6 meses. Castas Gouveio, Viosinho e Moscatel Gal\u00eago. Est\u00e1gio Est\u00e1gio em barricas de Carvalho [&hellip;]<\/p>\n","protected":false},"featured_media":137,"comment_status":"open","ping_status":"closed","template":"","meta":[],"product_cat":[30,18],"product_tag":[],"acf":[],"_links":{"self":[{"href":"https:\/\/fixa.tech\/nomagicagencycolinasdodouro\/wp-json\/wp\/v2\/product\/122"}],"collection":[{"href":"https:\/\/fixa.tech\/nomagicagencycolinasdodouro\/wp-json\/wp\/v2\/product"}],"about":[{"href":"https:\/\/fixa.tech\/nomagicagencycolinasdodouro\/wp-json\/wp\/v2\/types\/product"}],"replies":[{"embeddable":true,"href":"https:\/\/fixa.tech\/nomagicagencycolinasdodouro\/wp-json\/wp\/v2\/comments?post=122"}],"wp:featuredmedia":[{"embeddable":true,"href":"https:\/\/fixa.tech\/nomagicagencycolinasdodouro\/wp-json\/wp\/v2\/media\/137"}],"wp:attachment":[{"href":"https:\/\/fixa.tech\/nomagicagencycolinasdodouro\/wp-json\/wp\/v2\/media?parent=122"}],"wp:term":[{"taxonomy":"product_cat","embeddable":true,"href":"https:\/\/fixa.tech\/nomagicagencycolinasdodouro\/wp-json\/wp\/v2\/product_cat?post=122"},{"taxonomy":"product_tag","embeddable":true,"href":"https:\/\/fixa.tech\/nomagicagencycolinasdodouro\/wp-json\/wp\/v2\/product_tag?post=122"}],"curies":[{"name":"wp","href":"https:\/\/api.w.org\/{rel}","templated":true}]}}