{"id":121,"date":"2022-10-14T06:56:23","date_gmt":"2022-10-14T06:56:23","guid":{"rendered":"https:\/\/fixa.tech\/nomagicagencycolinasdodouro\/?post_type=product&#038;p=121"},"modified":"2022-11-15T12:30:10","modified_gmt":"2022-11-15T12:30:10","slug":"colinas-do-douro-rabigato-2016","status":"publish","type":"product","link":"https:\/\/fixa.tech\/nomagicagencycolinasdodouro\/produto\/colinas-do-douro-rabigato-2016\/","title":{"rendered":"Colinas do Douro Rabigato 2016"},"content":{"rendered":"<p>O inverno foi quente e chuvoso, resultando num abrolhamento bastante precoce. O ciclo vegetativo at\u00e9 ao fecho do cacho foi longo e bastante atribulado devido a uma primavera fria e extremamente chuvosa, onde o o\u00eddio foi amea\u00e7a constante.<\/p>\n<h3>Castas<\/h3>\n<p>Rabigato<\/p>\n<h3>Est\u00e1gio<\/h3>\n<p>Deste vinho 20% fermentou e estagiou em barricas de carvalho franc\u00eas.<\/p>\n<p>&nbsp;<\/p>\n<p>Portes de Envio:\u00a0<strong>Envio gr\u00e1tis para compras a partir de 6 garrafas<\/strong><\/p>\n","protected":false},"excerpt":{"rendered":"<p>O inverno foi quente e chuvoso, resultando num abrolhamento bastante precoce. O ciclo vegetativo at\u00e9 ao fecho do cacho foi longo e bastante atribulado devido a uma primavera fria e extremamente chuvosa, onde o o\u00eddio foi amea\u00e7a constante. Castas Rabigato Est\u00e1gio Deste vinho 20% fermentou e estagiou em barricas de carvalho franc\u00eas. &nbsp; Portes de [&hellip;]<\/p>\n","protected":false},"featured_media":136,"comment_status":"open","ping_status":"closed","template":"","meta":[],"product_cat":[18],"product_tag":[],"acf":[],"_links":{"self":[{"href":"https:\/\/fixa.tech\/nomagicagencycolinasdodouro\/wp-json\/wp\/v2\/product\/121"}],"collection":[{"href":"https:\/\/fixa.tech\/nomagicagencycolinasdodouro\/wp-json\/wp\/v2\/product"}],"about":[{"href":"https:\/\/fixa.tech\/nomagicagencycolinasdodouro\/wp-json\/wp\/v2\/types\/product"}],"replies":[{"embeddable":true,"href":"https:\/\/fixa.tech\/nomagicagencycolinasdodouro\/wp-json\/wp\/v2\/comments?post=121"}],"wp:featuredmedia":[{"embeddable":true,"href":"https:\/\/fixa.tech\/nomagicagencycolinasdodouro\/wp-json\/wp\/v2\/media\/136"}],"wp:attachment":[{"href":"https:\/\/fixa.tech\/nomagicagencycolinasdodouro\/wp-json\/wp\/v2\/media?parent=121"}],"wp:term":[{"taxonomy":"product_cat","embeddable":true,"href":"https:\/\/fixa.tech\/nomagicagencycolinasdodouro\/wp-json\/wp\/v2\/product_cat?post=121"},{"taxonomy":"product_tag","embeddable":true,"href":"https:\/\/fixa.tech\/nomagicagencycolinasdodouro\/wp-json\/wp\/v2\/product_tag?post=121"}],"curies":[{"name":"wp","href":"https:\/\/api.w.org\/{rel}","templated":true}]}}