{"id":120,"date":"2022-10-14T06:56:22","date_gmt":"2022-10-14T06:56:22","guid":{"rendered":"https:\/\/fixa.tech\/nomagicagencycolinasdodouro\/?post_type=product&#038;p=120"},"modified":"2022-11-15T12:32:55","modified_gmt":"2022-11-15T12:32:55","slug":"quinta-da-extrema-reserva-tinto-2019","status":"publish","type":"product","link":"https:\/\/fixa.tech\/nomagicagencycolinasdodouro\/produto\/quinta-da-extrema-reserva-tinto-2019\/","title":{"rendered":"Quinta da Extrema Reserva Tinto 2019"},"content":{"rendered":"<p>Um Douro cl\u00e1ssico e de castas tradicionalis Touriga Franca, Touriga Nacional e Tinta Francisca. Vinho que traduz o terroir com extrema simplicidade e sofistica\u00e7\u00e3o.<\/p>\n<h3>Castas<\/h3>\n<p>Touriga Franca, Touriga Nacional, Vinha Velha e Tinta Francisca<\/p>\n<h3>Est\u00e1gio<\/h3>\n<p>Est\u00e1gio de 12 meses em barrica, permite acrescentar complexidade e capacidade de evolu\u00e7\u00e3o. Est\u00e1gio m\u00ednimo de 6 meses em garrafa. Barricas de carvalho Franc\u00eas 225L.<\/p>\n<p>&nbsp;<\/p>\n<p>Portes de Envio:\u00a0<strong>Envio gr\u00e1tis para compras acima de 47,99 \u20ac<\/strong><br \/>\nEntregas em 48 a 72h uteis, salvo ruptura de stock<\/p>\n","protected":false},"excerpt":{"rendered":"<p>Um Douro cl\u00e1ssico e de castas tradicionalis Touriga Franca, Touriga Nacional e Tinta Francisca. Vinho que traduz o terroir com extrema simplicidade e sofistica\u00e7\u00e3o. Castas Touriga Franca, Touriga Nacional, Vinha Velha e Tinta Francisca Est\u00e1gio Est\u00e1gio de 12 meses em barrica, permite acrescentar complexidade e capacidade de evolu\u00e7\u00e3o. Est\u00e1gio m\u00ednimo de 6 meses em garrafa. [&hellip;]<\/p>\n","protected":false},"featured_media":143,"comment_status":"open","ping_status":"closed","template":"","meta":[],"product_cat":[21],"product_tag":[],"acf":[],"_links":{"self":[{"href":"https:\/\/fixa.tech\/nomagicagencycolinasdodouro\/wp-json\/wp\/v2\/product\/120"}],"collection":[{"href":"https:\/\/fixa.tech\/nomagicagencycolinasdodouro\/wp-json\/wp\/v2\/product"}],"about":[{"href":"https:\/\/fixa.tech\/nomagicagencycolinasdodouro\/wp-json\/wp\/v2\/types\/product"}],"replies":[{"embeddable":true,"href":"https:\/\/fixa.tech\/nomagicagencycolinasdodouro\/wp-json\/wp\/v2\/comments?post=120"}],"wp:featuredmedia":[{"embeddable":true,"href":"https:\/\/fixa.tech\/nomagicagencycolinasdodouro\/wp-json\/wp\/v2\/media\/143"}],"wp:attachment":[{"href":"https:\/\/fixa.tech\/nomagicagencycolinasdodouro\/wp-json\/wp\/v2\/media?parent=120"}],"wp:term":[{"taxonomy":"product_cat","embeddable":true,"href":"https:\/\/fixa.tech\/nomagicagencycolinasdodouro\/wp-json\/wp\/v2\/product_cat?post=120"},{"taxonomy":"product_tag","embeddable":true,"href":"https:\/\/fixa.tech\/nomagicagencycolinasdodouro\/wp-json\/wp\/v2\/product_tag?post=120"}],"curies":[{"name":"wp","href":"https:\/\/api.w.org\/{rel}","templated":true}]}}