{"id":119,"date":"2022-10-14T06:56:22","date_gmt":"2022-10-14T06:56:22","guid":{"rendered":"https:\/\/fixa.tech\/nomagicagencycolinasdodouro\/?post_type=product&#038;p=119"},"modified":"2022-11-15T12:33:43","modified_gmt":"2022-11-15T12:33:43","slug":"quinta-da-extrema-reserva-branco-2019","status":"publish","type":"product","link":"https:\/\/fixa.tech\/nomagicagencycolinasdodouro\/produto\/quinta-da-extrema-reserva-branco-2019\/","title":{"rendered":"Quinta da Extrema Reserva Branco 2019"},"content":{"rendered":"<p>Gouveio, Viosinho e Rabigato desenham um branco de perfil cl\u00e1ssico e genu\u00edno, que est\u00e1 centrado na fruta e na matriz geol\u00f3gica do solo de transi\u00e7\u00e3o. O uso de barricas usadas e neutras para fermenta\u00e7\u00e3o e est\u00e1gio \u00e9 com o intuito de torna-lo amplo e complexo sem interferir no seu perfil arom\u00e1tico.<\/p>\n<h3>Castas<\/h3>\n<p>Gouveio, Viosinho e Rabigato<\/p>\n<h3>Est\u00e1gio<\/h3>\n<p>Est\u00e1gio m\u00ednimo de 6 meses em garrafa. Barricas de Carvalho Franc\u00eas 500L e 228L.<\/p>\n<p>&nbsp;<\/p>\n<p class=\"shipping-label\"><!-- [et_pb_line_break_holder] --> Portes de Envio: <strong>Envio gr\u00e1tis para compras acima de 47,99 \u20ac<\/strong><br \/>\n<!-- [et_pb_line_break_holder] --> Entregas em 48 a 72h uteis, salvo ruptura de stock<!-- [et_pb_line_break_holder] --><\/p>\n","protected":false},"excerpt":{"rendered":"<p>Gouveio, Viosinho e Rabigato desenham um branco de perfil cl\u00e1ssico e genu\u00edno, que est\u00e1 centrado na fruta e na matriz geol\u00f3gica do solo de transi\u00e7\u00e3o. O uso de barricas usadas e neutras para fermenta\u00e7\u00e3o e est\u00e1gio \u00e9 com o intuito de torna-lo amplo e complexo sem interferir no seu perfil arom\u00e1tico. Castas Gouveio, Viosinho e [&hellip;]<\/p>\n","protected":false},"featured_media":142,"comment_status":"open","ping_status":"closed","template":"","meta":[],"product_cat":[21],"product_tag":[],"acf":[],"_links":{"self":[{"href":"https:\/\/fixa.tech\/nomagicagencycolinasdodouro\/wp-json\/wp\/v2\/product\/119"}],"collection":[{"href":"https:\/\/fixa.tech\/nomagicagencycolinasdodouro\/wp-json\/wp\/v2\/product"}],"about":[{"href":"https:\/\/fixa.tech\/nomagicagencycolinasdodouro\/wp-json\/wp\/v2\/types\/product"}],"replies":[{"embeddable":true,"href":"https:\/\/fixa.tech\/nomagicagencycolinasdodouro\/wp-json\/wp\/v2\/comments?post=119"}],"wp:featuredmedia":[{"embeddable":true,"href":"https:\/\/fixa.tech\/nomagicagencycolinasdodouro\/wp-json\/wp\/v2\/media\/142"}],"wp:attachment":[{"href":"https:\/\/fixa.tech\/nomagicagencycolinasdodouro\/wp-json\/wp\/v2\/media?parent=119"}],"wp:term":[{"taxonomy":"product_cat","embeddable":true,"href":"https:\/\/fixa.tech\/nomagicagencycolinasdodouro\/wp-json\/wp\/v2\/product_cat?post=119"},{"taxonomy":"product_tag","embeddable":true,"href":"https:\/\/fixa.tech\/nomagicagencycolinasdodouro\/wp-json\/wp\/v2\/product_tag?post=119"}],"curies":[{"name":"wp","href":"https:\/\/api.w.org\/{rel}","templated":true}]}}