{"id":117,"date":"2022-10-14T06:56:22","date_gmt":"2022-10-14T06:56:22","guid":{"rendered":"https:\/\/fixa.tech\/nomagicagencycolinasdodouro\/?post_type=product&#038;p=117"},"modified":"2022-11-15T12:36:51","modified_gmt":"2022-11-15T12:36:51","slug":"colinas-do-douro-superior-tinto-2020","status":"publish","type":"product","link":"https:\/\/fixa.tech\/nomagicagencycolinasdodouro\/produto\/colinas-do-douro-superior-tinto-2020\/","title":{"rendered":"Colinas do Douro Superior Tinto 2020"},"content":{"rendered":"<p>Tem como base as duas castas mais importantes do Douro, a Touriga Nacional e a Touriga Franca. Com principal foco na fruta e num perfil floral, procuramos atrav\u00e9s da macera\u00e7\u00e3o muito suave e de pouca dura\u00e7\u00e3o, fazer um vinho que tenha taninos delicados e com muita redondez na boca. Vindima manual.<\/p>\n<h3>Castas<\/h3>\n<p>Touriga Nacional, Touriga Franca, Tinta Roriz e Tinta Francisca.<\/p>\n<p>&nbsp;<\/p>\n<p class=\"shipping-label\"><!-- [et_pb_line_break_holder] --> Portes de Envio: <strong>Envio gr\u00e1tis para compras acima de 47,99 \u20ac<\/strong><br \/>\n<!-- [et_pb_line_break_holder] --> Entregas em 48 a 72h uteis, salvo ruptura de stock<!-- [et_pb_line_break_holder] --><\/p>\n","protected":false},"excerpt":{"rendered":"<p>Tem como base as duas castas mais importantes do Douro, a Touriga Nacional e a Touriga Franca. Com principal foco na fruta e num perfil floral, procuramos atrav\u00e9s da macera\u00e7\u00e3o muito suave e de pouca dura\u00e7\u00e3o, fazer um vinho que tenha taninos delicados e com muita redondez na boca. Vindima manual. Castas Touriga Nacional, Touriga [&hellip;]<\/p>\n","protected":false},"featured_media":135,"comment_status":"open","ping_status":"closed","template":"","meta":[],"product_cat":[18,29],"product_tag":[],"acf":[],"_links":{"self":[{"href":"https:\/\/fixa.tech\/nomagicagencycolinasdodouro\/wp-json\/wp\/v2\/product\/117"}],"collection":[{"href":"https:\/\/fixa.tech\/nomagicagencycolinasdodouro\/wp-json\/wp\/v2\/product"}],"about":[{"href":"https:\/\/fixa.tech\/nomagicagencycolinasdodouro\/wp-json\/wp\/v2\/types\/product"}],"replies":[{"embeddable":true,"href":"https:\/\/fixa.tech\/nomagicagencycolinasdodouro\/wp-json\/wp\/v2\/comments?post=117"}],"wp:featuredmedia":[{"embeddable":true,"href":"https:\/\/fixa.tech\/nomagicagencycolinasdodouro\/wp-json\/wp\/v2\/media\/135"}],"wp:attachment":[{"href":"https:\/\/fixa.tech\/nomagicagencycolinasdodouro\/wp-json\/wp\/v2\/media?parent=117"}],"wp:term":[{"taxonomy":"product_cat","embeddable":true,"href":"https:\/\/fixa.tech\/nomagicagencycolinasdodouro\/wp-json\/wp\/v2\/product_cat?post=117"},{"taxonomy":"product_tag","embeddable":true,"href":"https:\/\/fixa.tech\/nomagicagencycolinasdodouro\/wp-json\/wp\/v2\/product_tag?post=117"}],"curies":[{"name":"wp","href":"https:\/\/api.w.org\/{rel}","templated":true}]}}