{"id":116,"date":"2022-10-14T06:56:22","date_gmt":"2022-10-14T06:56:22","guid":{"rendered":"https:\/\/fixa.tech\/nomagicagencycolinasdodouro\/?post_type=product&#038;p=116"},"modified":"2022-11-15T12:37:51","modified_gmt":"2022-11-15T12:37:51","slug":"colinas-do-douro-superior-branco-2021","status":"publish","type":"product","link":"https:\/\/fixa.tech\/nomagicagencycolinasdodouro\/produto\/colinas-do-douro-superior-branco-2021\/","title":{"rendered":"Colinas do Douro Superior Branco 2021"},"content":{"rendered":"<p>Feito com Viosinho, Gouveio e Moscatel Galego plantados em finas encostas viradas a nascente e a 500 metros de altitude. \u00c9 um vinho fermentado e estagiado em tanque de inox, com est\u00e1gio sobre borras finas, de perfil muito arom\u00e1tico e com muita frescura.<\/p>\n<h3>Castas<\/h3>\n<p>Viosinho, Gouveio e Moscatel Galego.<\/p>\n<p>&nbsp;<\/p>\n<p class=\"shipping-label\"><!-- [et_pb_line_break_holder] --> Portes de Envio: <strong>Envio gr\u00e1tis para compras acima de 47,99 \u20ac<\/strong><br \/>\n<!-- [et_pb_line_break_holder] --> Entregas em 48 a 72h uteis, salvo ruptura de stock<!-- [et_pb_line_break_holder] --><\/p>\n","protected":false},"excerpt":{"rendered":"<p>Feito com Viosinho, Gouveio e Moscatel Galego plantados em finas encostas viradas a nascente e a 500 metros de altitude. \u00c9 um vinho fermentado e estagiado em tanque de inox, com est\u00e1gio sobre borras finas, de perfil muito arom\u00e1tico e com muita frescura. Castas Viosinho, Gouveio e Moscatel Galego. &nbsp; Portes de Envio: Envio gr\u00e1tis [&hellip;]<\/p>\n","protected":false},"featured_media":134,"comment_status":"open","ping_status":"closed","template":"","meta":[],"product_cat":[30,18],"product_tag":[],"acf":[],"_links":{"self":[{"href":"https:\/\/fixa.tech\/nomagicagencycolinasdodouro\/wp-json\/wp\/v2\/product\/116"}],"collection":[{"href":"https:\/\/fixa.tech\/nomagicagencycolinasdodouro\/wp-json\/wp\/v2\/product"}],"about":[{"href":"https:\/\/fixa.tech\/nomagicagencycolinasdodouro\/wp-json\/wp\/v2\/types\/product"}],"replies":[{"embeddable":true,"href":"https:\/\/fixa.tech\/nomagicagencycolinasdodouro\/wp-json\/wp\/v2\/comments?post=116"}],"wp:featuredmedia":[{"embeddable":true,"href":"https:\/\/fixa.tech\/nomagicagencycolinasdodouro\/wp-json\/wp\/v2\/media\/134"}],"wp:attachment":[{"href":"https:\/\/fixa.tech\/nomagicagencycolinasdodouro\/wp-json\/wp\/v2\/media?parent=116"}],"wp:term":[{"taxonomy":"product_cat","embeddable":true,"href":"https:\/\/fixa.tech\/nomagicagencycolinasdodouro\/wp-json\/wp\/v2\/product_cat?post=116"},{"taxonomy":"product_tag","embeddable":true,"href":"https:\/\/fixa.tech\/nomagicagencycolinasdodouro\/wp-json\/wp\/v2\/product_tag?post=116"}],"curies":[{"name":"wp","href":"https:\/\/api.w.org\/{rel}","templated":true}]}}