{"id":1082,"date":"2022-10-24T05:10:15","date_gmt":"2022-10-24T05:10:15","guid":{"rendered":"https:\/\/fixa.tech\/nomagicagencycolinasdodouro\/?page_id=1082"},"modified":"2022-11-01T00:54:08","modified_gmt":"2022-11-01T00:54:08","slug":"condicoes-de-compra","status":"publish","type":"page","link":"https:\/\/fixa.tech\/nomagicagencycolinasdodouro\/condicoes-de-compra\/","title":{"rendered":"Condi\u00e7\u00f5es de compra"},"content":{"rendered":"\t\t<div data-elementor-type=\"wp-page\" data-elementor-id=\"1082\" class=\"elementor elementor-1082\">\n\t\t\t\t\t\t\t<div class=\"elementor-element elementor-element-6f426cc e-container--column e-container\" data-id=\"6f426cc\" data-element_type=\"container\">\t\t\t\t<div class=\"elementor-element elementor-element-08b2165 elementor-widget elementor-widget-text-editor\" data-id=\"08b2165\" data-element_type=\"widget\" data-widget_type=\"text-editor.default\">\n\t\t\t\t<div class=\"elementor-widget-container\">\n\t\t\t<style>\/*! elementor - v3.7.8 - 02-10-2022 *\/\n.elementor-widget-text-editor.elementor-drop-cap-view-stacked .elementor-drop-cap{background-color:#818a91;color:#fff}.elementor-widget-text-editor.elementor-drop-cap-view-framed .elementor-drop-cap{color:#818a91;border:3px solid;background-color:transparent}.elementor-widget-text-editor:not(.elementor-drop-cap-view-default) .elementor-drop-cap{margin-top:8px}.elementor-widget-text-editor:not(.elementor-drop-cap-view-default) .elementor-drop-cap-letter{width:1em;height:1em}.elementor-widget-text-editor .elementor-drop-cap{float:left;text-align:center;line-height:1;font-size:50px}.elementor-widget-text-editor .elementor-drop-cap-letter{display:inline-block}<\/style>\t\t\t\t<p>A compra de produtos na loja online da empresa Colinas do Douro est\u00e1 sujeita aos seguintes termos e condi\u00e7\u00f5es:<\/p>\t\t\t\t\t\t<\/div>\n\t\t\t\t<\/div>\n\t\t\t\t<div class=\"elementor-element elementor-element-3ae556e elementor-widget elementor-widget-text-editor\" data-id=\"3ae556e\" data-element_type=\"widget\" data-widget_type=\"text-editor.default\">\n\t\t\t\t<div class=\"elementor-widget-container\">\n\t\t\t\t\t\t\t<ol><li>Todas as bebidas alco\u00f3licas dispon\u00edveis para venda na loja online da Colinas do Douro apenas podem ser adquiridas por pessoas que tenham a idade legal para tal no seu pa\u00eds de resid\u00eancia.<\/li><li>As informa\u00e7\u00f5es acerca dos v\u00e1rios produtos dispon\u00edveis na loja online da Colinas do Douro, como a sua descri\u00e7\u00e3o, imagem e outras caracter\u00edsticas podem ser alteradas sem aviso pr\u00e9vio.<\/li><li>Todos os pre\u00e7os apresentados na loja online da Colinas do Douro podem ser modificados sem aviso pr\u00e9vio encontrando-se sempre sujeitos a eventuais futuras de stock.<\/li><li>Como \u00e9 descrito na actual legisla\u00e7\u00e3o portuguesa, a Colinas do Douro \u00e9 obrigada a acrescentar o valor de IVA \u00e0s taxas legais de 6%, 13% e 23% para todos os seus produtos. Os pre\u00e7os anunciados na loja online da Colinas do Douro incluem sempre IVA. A dedu\u00e7\u00e3o do valor do IVA pode ser efectuada para empresas p\u00fablicas ou privadas desde que estejam registadas legalmente num pa\u00eds da Uni\u00e3o Europeia.<\/li><li>Caso a Colinas do Douro n\u00e3o possa proceder \u00e0 entrega total ou parcial da encomenda de um cliente, o mesmo ser\u00e1 imediatamente contactado, para que, possamos, em conjunto, encontrar a melhor solu\u00e7\u00e3o para o problema.<\/li><li>As a\u00e7\u00f5es promocionais lan\u00e7adas na loja online da Colinas do Douro podem diferir das promo\u00e7\u00f5es aplicadas \u00e0 nossa equipa de t\u00e9cnicos comerciais.<\/li><li>Poder\u00e1 proceder \u00e0 devolu\u00e7\u00e3o completa de artigos encomendados no website da Colinas do Douro em caso de n\u00e3o haver sinal de uso, at\u00e9 ao 14\u00ba dia consecutivo, a partir da entrega.<\/li><li>As entregas gratuitas para compras de valores superiores a 47,99\u20ac destinam-se apenas a encomendas de Portugal Continental.<\/li><li><strong>Pol\u00edtica de devolu\u00e7\u00f5es<\/strong>: se adquiriu um artigo no nosso site disp\u00f5e de um prazo de 14 dias, contados da data da recep\u00e7\u00e3o dos produtos encomendados para, sem custos (excepto os custos com a devolu\u00e7\u00e3o dos produtos) e sem necessidade de indica\u00e7\u00e3o do motivo, proceder \u00e0 devolu\u00e7\u00e3o da sua encomenda. Pode faz\u00ea-lo desde que os artigos se encontrem nas mesmas condi\u00e7\u00f5es em que foram vendidos, em embalagem original e fechados. Poder\u00e1 faz\u00ea-lo da seguinte forma: contactando a nossa Linha de Apoio ao Cliente 912747566 ou atrav\u00e9s do e-mail geral@colinasdodouro.pt<\/li><\/ol>\t\t\t\t\t\t<\/div>\n\t\t\t\t<\/div>\n\t\t<\/div>\t\t\t\t\t<\/div>\n\t\t","protected":false},"excerpt":{"rendered":"<p>A compra de produtos na loja online da empresa Colinas do Douro est\u00e1 sujeita aos seguintes termos e condi\u00e7\u00f5es: Todas as bebidas alco\u00f3licas dispon\u00edveis para venda na loja online da Colinas do Douro apenas podem ser adquiridas por pessoas que tenham a idade legal para tal no seu pa\u00eds de resid\u00eancia. As informa\u00e7\u00f5es acerca dos [&hellip;]<\/p>\n","protected":false},"author":1,"featured_media":0,"parent":0,"menu_order":0,"comment_status":"closed","ping_status":"closed","template":"elementor_header_footer","meta":[],"acf":[],"_links":{"self":[{"href":"https:\/\/fixa.tech\/nomagicagencycolinasdodouro\/wp-json\/wp\/v2\/pages\/1082"}],"collection":[{"href":"https:\/\/fixa.tech\/nomagicagencycolinasdodouro\/wp-json\/wp\/v2\/pages"}],"about":[{"href":"https:\/\/fixa.tech\/nomagicagencycolinasdodouro\/wp-json\/wp\/v2\/types\/page"}],"author":[{"embeddable":true,"href":"https:\/\/fixa.tech\/nomagicagencycolinasdodouro\/wp-json\/wp\/v2\/users\/1"}],"replies":[{"embeddable":true,"href":"https:\/\/fixa.tech\/nomagicagencycolinasdodouro\/wp-json\/wp\/v2\/comments?post=1082"}],"version-history":[{"count":19,"href":"https:\/\/fixa.tech\/nomagicagencycolinasdodouro\/wp-json\/wp\/v2\/pages\/1082\/revisions"}],"predecessor-version":[{"id":1202,"href":"https:\/\/fixa.tech\/nomagicagencycolinasdodouro\/wp-json\/wp\/v2\/pages\/1082\/revisions\/1202"}],"wp:attachment":[{"href":"https:\/\/fixa.tech\/nomagicagencycolinasdodouro\/wp-json\/wp\/v2\/media?parent=1082"}],"curies":[{"name":"wp","href":"https:\/\/api.w.org\/{rel}","templated":true}]}}